{"id":1817,"date":"2021-11-21T15:14:41","date_gmt":"2021-11-21T15:14:41","guid":{"rendered":"https:\/\/gruasguaman24hrs.com\/index.php\/services\/"},"modified":"2023-07-04T21:07:53","modified_gmt":"2023-07-05T02:07:53","slug":"galeria","status":"publish","type":"page","link":"https:\/\/gruasguaman24hrs.com\/index.php\/galeria\/","title":{"rendered":"Galeria"},"content":{"rendered":"\t\t<div data-elementor-type=\"wp-page\" data-elementor-id=\"1817\" class=\"elementor elementor-1817\">\n\t\t\t\t\t\t\t\t\t<section class=\"elementor-section elementor-top-section elementor-element elementor-element-6f57d69 elementor-section-height-min-height elementor-section-boxed elementor-section-height-default elementor-section-items-middle\" data-id=\"6f57d69\" data-element_type=\"section\" data-settings=\"{&quot;background_background&quot;:&quot;classic&quot;}\">\n\t\t\t\t\t\t<div class=\"elementor-container elementor-column-gap-default\">\n\t\t\t\t\t<div class=\"elementor-column elementor-col-100 elementor-top-column elementor-element elementor-element-47228c7\" data-id=\"47228c7\" data-element_type=\"column\">\n\t\t\t<div class=\"elementor-widget-wrap elementor-element-populated\">\n\t\t\t\t\t\t\t\t<div class=\"elementor-element elementor-element-745baeb elementor-widget elementor-widget-heading\" data-id=\"745baeb\" data-element_type=\"widget\" data-widget_type=\"heading.default\">\n\t\t\t\t<div class=\"elementor-widget-container\">\n\t\t\t<style>\/*! elementor - v3.14.0 - 18-06-2023 *\/\n.elementor-heading-title{padding:0;margin:0;line-height:1}.elementor-widget-heading .elementor-heading-title[class*=elementor-size-]>a{color:inherit;font-size:inherit;line-height:inherit}.elementor-widget-heading .elementor-heading-title.elementor-size-small{font-size:15px}.elementor-widget-heading .elementor-heading-title.elementor-size-medium{font-size:19px}.elementor-widget-heading .elementor-heading-title.elementor-size-large{font-size:29px}.elementor-widget-heading .elementor-heading-title.elementor-size-xl{font-size:39px}.elementor-widget-heading .elementor-heading-title.elementor-size-xxl{font-size:59px}<\/style><h1 class=\"elementor-heading-title elementor-size-default\">galeria<\/h1>\t\t<\/div>\n\t\t\t\t<\/div>\n\t\t\t\t\t<\/div>\n\t\t<\/div>\n\t\t\t\t\t\t\t<\/div>\n\t\t<\/section>\n\t\t\t\t<section class=\"elementor-section elementor-top-section elementor-element elementor-element-313a1ba elementor-reverse-mobile elementor-section-boxed elementor-section-height-default elementor-section-height-default\" data-id=\"313a1ba\" data-element_type=\"section\">\n\t\t\t\t\t\t<div class=\"elementor-container elementor-column-gap-default\">\n\t\t\t\t\t<div class=\"elementor-column elementor-col-50 elementor-top-column elementor-element elementor-element-ddff12f\" data-id=\"ddff12f\" data-element_type=\"column\">\n\t\t\t<div class=\"elementor-widget-wrap elementor-element-populated\">\n\t\t\t\t\t\t\t\t<div class=\"elementor-element elementor-element-4f3b33b elementor-widget elementor-widget-heading\" data-id=\"4f3b33b\" data-element_type=\"widget\" data-widget_type=\"heading.default\">\n\t\t\t\t<div class=\"elementor-widget-container\">\n\t\t\t<h3 class=\"elementor-heading-title elementor-size-default\">TRANSPORTE DE VEHICULOS ESPECIALIZADOS<\/h3>\t\t<\/div>\n\t\t\t\t<\/div>\n\t\t\t\t<div class=\"elementor-element elementor-element-bbd6665 elementor-widget elementor-widget-text-editor\" data-id=\"bbd6665\" data-element_type=\"widget\" data-widget_type=\"text-editor.default\">\n\t\t\t\t<div class=\"elementor-widget-container\">\n\t\t\t<style>\/*! elementor - v3.14.0 - 18-06-2023 *\/\n.elementor-widget-text-editor.elementor-drop-cap-view-stacked .elementor-drop-cap{background-color:#69727d;color:#fff}.elementor-widget-text-editor.elementor-drop-cap-view-framed .elementor-drop-cap{color:#69727d;border:3px solid;background-color:transparent}.elementor-widget-text-editor:not(.elementor-drop-cap-view-default) .elementor-drop-cap{margin-top:8px}.elementor-widget-text-editor:not(.elementor-drop-cap-view-default) .elementor-drop-cap-letter{width:1em;height:1em}.elementor-widget-text-editor .elementor-drop-cap{float:left;text-align:center;line-height:1;font-size:50px}.elementor-widget-text-editor .elementor-drop-cap-letter{display:inline-block}<\/style>\t\t\t\t<p>Adem\u00e1s de los autom\u00f3viles de uso com\u00fan, nuestro servicios de gr\u00faas tambi\u00e9n pueden transportar veh\u00edculos especializados, como motocicletas, camiones, furgonetas o incluso maquinaria pesada.<\/p>\t\t\t\t\t\t<\/div>\n\t\t\t\t<\/div>\n\t\t\t\t<div class=\"elementor-element elementor-element-dec2e00 elementor-widget elementor-widget-button\" data-id=\"dec2e00\" data-element_type=\"widget\" data-widget_type=\"button.default\">\n\t\t\t\t<div class=\"elementor-widget-container\">\n\t\t\t\t\t<div class=\"elementor-button-wrapper\">\n\t\t\t<a class=\"elementor-button elementor-button-link elementor-size-sm\" href=\"#\">\n\t\t\t\t\t\t<span class=\"elementor-button-content-wrapper\">\n\t\t\t\t\t\t<span class=\"elementor-button-text\">Explore<\/span>\n\t\t<\/span>\n\t\t\t\t\t<\/a>\n\t\t<\/div>\n\t\t\t\t<\/div>\n\t\t\t\t<\/div>\n\t\t\t\t\t<\/div>\n\t\t<\/div>\n\t\t\t\t<div class=\"elementor-column elementor-col-50 elementor-top-column elementor-element elementor-element-ef420e9\" data-id=\"ef420e9\" data-element_type=\"column\">\n\t\t\t<div class=\"elementor-widget-wrap elementor-element-populated\">\n\t\t\t\t\t\t\t\t<div class=\"elementor-element elementor-element-4a6a352 elementor-widget elementor-widget-image\" data-id=\"4a6a352\" data-element_type=\"widget\" data-widget_type=\"image.default\">\n\t\t\t\t<div class=\"elementor-widget-container\">\n\t\t\t<style>\/*! elementor - v3.14.0 - 18-06-2023 *\/\n.elementor-widget-image{text-align:center}.elementor-widget-image a{display:inline-block}.elementor-widget-image a img[src$=\".svg\"]{width:48px}.elementor-widget-image img{vertical-align:middle;display:inline-block}<\/style>\t\t\t\t\t\t\t\t\t\t\t\t<img decoding=\"async\" width=\"960\" height=\"960\" src=\"https:\/\/gruasguaman24hrs.com\/wp-content\/uploads\/2023\/06\/b69d3deb-c29c-47d1-a5be-c3d02c73c684.jpg\" class=\"attachment-large size-large wp-image-1871\" alt=\"\" loading=\"lazy\" srcset=\"https:\/\/gruasguaman24hrs.com\/wp-content\/uploads\/2023\/06\/b69d3deb-c29c-47d1-a5be-c3d02c73c684.jpg 960w, https:\/\/gruasguaman24hrs.com\/wp-content\/uploads\/2023\/06\/b69d3deb-c29c-47d1-a5be-c3d02c73c684-300x300.jpg 300w, https:\/\/gruasguaman24hrs.com\/wp-content\/uploads\/2023\/06\/b69d3deb-c29c-47d1-a5be-c3d02c73c684-150x150.jpg 150w, https:\/\/gruasguaman24hrs.com\/wp-content\/uploads\/2023\/06\/b69d3deb-c29c-47d1-a5be-c3d02c73c684-768x768.jpg 768w\" sizes=\"(max-width: 960px) 100vw, 960px\" \/>\t\t\t\t\t\t\t\t\t\t\t\t\t\t\t<\/div>\n\t\t\t\t<\/div>\n\t\t\t\t\t<\/div>\n\t\t<\/div>\n\t\t\t\t\t\t\t<\/div>\n\t\t<\/section>\n\t\t\t\t<section class=\"elementor-section elementor-top-section elementor-element elementor-element-8157e71 elementor-section-boxed elementor-section-height-default elementor-section-height-default\" data-id=\"8157e71\" data-element_type=\"section\">\n\t\t\t\t\t\t<div class=\"elementor-container elementor-column-gap-default\">\n\t\t\t\t\t<div class=\"elementor-column elementor-col-50 elementor-top-column elementor-element elementor-element-400a51f\" data-id=\"400a51f\" data-element_type=\"column\">\n\t\t\t<div class=\"elementor-widget-wrap elementor-element-populated\">\n\t\t\t\t\t\t\t\t<div class=\"elementor-element elementor-element-8d1da40 elementor-widget elementor-widget-image\" data-id=\"8d1da40\" data-element_type=\"widget\" data-widget_type=\"image.default\">\n\t\t\t\t<div class=\"elementor-widget-container\">\n\t\t\t\t\t\t\t\t\t\t\t\t\t\t\t<img decoding=\"async\" width=\"960\" height=\"960\" src=\"https:\/\/gruasguaman24hrs.com\/wp-content\/uploads\/2023\/06\/primer-plano-neumatico-trasero-desinflado-coche-weel-trasero-derecho-roto-ruedas-traseras-danadas-lugar-estacionamiento_174533-1097.jpg\" class=\"attachment-large size-large wp-image-1872\" alt=\"\" loading=\"lazy\" srcset=\"https:\/\/gruasguaman24hrs.com\/wp-content\/uploads\/2023\/06\/primer-plano-neumatico-trasero-desinflado-coche-weel-trasero-derecho-roto-ruedas-traseras-danadas-lugar-estacionamiento_174533-1097.jpg 960w, https:\/\/gruasguaman24hrs.com\/wp-content\/uploads\/2023\/06\/primer-plano-neumatico-trasero-desinflado-coche-weel-trasero-derecho-roto-ruedas-traseras-danadas-lugar-estacionamiento_174533-1097-300x300.jpg 300w, https:\/\/gruasguaman24hrs.com\/wp-content\/uploads\/2023\/06\/primer-plano-neumatico-trasero-desinflado-coche-weel-trasero-derecho-roto-ruedas-traseras-danadas-lugar-estacionamiento_174533-1097-150x150.jpg 150w, https:\/\/gruasguaman24hrs.com\/wp-content\/uploads\/2023\/06\/primer-plano-neumatico-trasero-desinflado-coche-weel-trasero-derecho-roto-ruedas-traseras-danadas-lugar-estacionamiento_174533-1097-768x768.jpg 768w\" sizes=\"(max-width: 960px) 100vw, 960px\" \/>\t\t\t\t\t\t\t\t\t\t\t\t\t\t\t<\/div>\n\t\t\t\t<\/div>\n\t\t\t\t\t<\/div>\n\t\t<\/div>\n\t\t\t\t<div class=\"elementor-column elementor-col-50 elementor-top-column elementor-element elementor-element-cc5adf3\" data-id=\"cc5adf3\" data-element_type=\"column\">\n\t\t\t<div class=\"elementor-widget-wrap elementor-element-populated\">\n\t\t\t\t\t\t\t\t<div class=\"elementor-element elementor-element-925831b elementor-widget elementor-widget-heading\" data-id=\"925831b\" data-element_type=\"widget\" data-widget_type=\"heading.default\">\n\t\t\t\t<div class=\"elementor-widget-container\">\n\t\t\t<h3 class=\"elementor-heading-title elementor-size-default\">DISPONIBILIDAD LAS 24 HORAS<\/h3>\t\t<\/div>\n\t\t\t\t<\/div>\n\t\t\t\t<div class=\"elementor-element elementor-element-77be2a5 elementor-widget elementor-widget-text-editor\" data-id=\"77be2a5\" data-element_type=\"widget\" data-widget_type=\"text-editor.default\">\n\t\t\t\t<div class=\"elementor-widget-container\">\n\t\t\t\t\t\t\t<p>La mayor\u00eda de los servicios de gr\u00faas est\u00e1n disponibles las 24 horas del d\u00eda, los 7 d\u00edas de la semana, lo que significa que puedes solicitar asistencia en cualquier momento, incluso en situaciones de emergencia en medio de la noche o durante los d\u00edas festivos.<\/p>\t\t\t\t\t\t<\/div>\n\t\t\t\t<\/div>\n\t\t\t\t<div class=\"elementor-element elementor-element-cf95685 elementor-widget elementor-widget-button\" data-id=\"cf95685\" data-element_type=\"widget\" data-widget_type=\"button.default\">\n\t\t\t\t<div class=\"elementor-widget-container\">\n\t\t\t\t\t<div class=\"elementor-button-wrapper\">\n\t\t\t<a class=\"elementor-button elementor-button-link elementor-size-sm\" href=\"#\">\n\t\t\t\t\t\t<span class=\"elementor-button-content-wrapper\">\n\t\t\t\t\t\t<span class=\"elementor-button-text\">Explore<\/span>\n\t\t<\/span>\n\t\t\t\t\t<\/a>\n\t\t<\/div>\n\t\t\t\t<\/div>\n\t\t\t\t<\/div>\n\t\t\t\t\t<\/div>\n\t\t<\/div>\n\t\t\t\t\t\t\t<\/div>\n\t\t<\/section>\n\t\t\t\t<section class=\"elementor-section elementor-top-section elementor-element elementor-element-a8f7aed elementor-reverse-mobile elementor-section-boxed elementor-section-height-default elementor-section-height-default\" data-id=\"a8f7aed\" data-element_type=\"section\">\n\t\t\t\t\t\t<div class=\"elementor-container elementor-column-gap-default\">\n\t\t\t\t\t<div class=\"elementor-column elementor-col-50 elementor-top-column elementor-element elementor-element-f1f2bc2\" data-id=\"f1f2bc2\" data-element_type=\"column\">\n\t\t\t<div class=\"elementor-widget-wrap elementor-element-populated\">\n\t\t\t\t\t\t\t\t<div class=\"elementor-element elementor-element-34a10af elementor-widget elementor-widget-heading\" data-id=\"34a10af\" data-element_type=\"widget\" data-widget_type=\"heading.default\">\n\t\t\t\t<div class=\"elementor-widget-container\">\n\t\t\t<h3 class=\"elementor-heading-title elementor-size-default\">CONFIANZA<\/h3>\t\t<\/div>\n\t\t\t\t<\/div>\n\t\t\t\t<div class=\"elementor-element elementor-element-dc0f3cb elementor-widget elementor-widget-text-editor\" data-id=\"dc0f3cb\" data-element_type=\"widget\" data-widget_type=\"text-editor.default\">\n\t\t\t\t<div class=\"elementor-widget-container\">\n\t\t\t\t\t\t\t<p>Cuando necesites contratar un servicio de gr\u00faas, es importante asegurarte de elegir una empresa confiable y con buena reputaci\u00f3n. Puedes buscar recomendaciones, leer rese\u00f1as de clientes anteriores y verificar que est\u00e9n debidamente licenciados y asegurados.<\/p>\t\t\t\t\t\t<\/div>\n\t\t\t\t<\/div>\n\t\t\t\t<div class=\"elementor-element elementor-element-efe5400 elementor-widget elementor-widget-button\" data-id=\"efe5400\" data-element_type=\"widget\" data-widget_type=\"button.default\">\n\t\t\t\t<div class=\"elementor-widget-container\">\n\t\t\t\t\t<div class=\"elementor-button-wrapper\">\n\t\t\t<a class=\"elementor-button elementor-button-link elementor-size-sm\" href=\"#\">\n\t\t\t\t\t\t<span class=\"elementor-button-content-wrapper\">\n\t\t\t\t\t\t<span class=\"elementor-button-text\">Explore<\/span>\n\t\t<\/span>\n\t\t\t\t\t<\/a>\n\t\t<\/div>\n\t\t\t\t<\/div>\n\t\t\t\t<\/div>\n\t\t\t\t\t<\/div>\n\t\t<\/div>\n\t\t\t\t<div class=\"elementor-column elementor-col-50 elementor-top-column elementor-element elementor-element-02bda06\" data-id=\"02bda06\" data-element_type=\"column\">\n\t\t\t<div class=\"elementor-widget-wrap elementor-element-populated\">\n\t\t\t\t\t\t\t\t<div class=\"elementor-element elementor-element-087cd5c elementor-widget elementor-widget-image\" data-id=\"087cd5c\" data-element_type=\"widget\" data-widget_type=\"image.default\">\n\t\t\t\t<div class=\"elementor-widget-container\">\n\t\t\t\t\t\t\t\t\t\t\t\t\t\t\t<img decoding=\"async\" width=\"1024\" height=\"576\" src=\"https:\/\/gruasguaman24hrs.com\/wp-content\/uploads\/2023\/06\/2022-07-01-1024x576.jpg\" class=\"attachment-large size-large wp-image-1828\" alt=\"\" loading=\"lazy\" srcset=\"https:\/\/gruasguaman24hrs.com\/wp-content\/uploads\/2023\/06\/2022-07-01-1024x576.jpg 1024w, https:\/\/gruasguaman24hrs.com\/wp-content\/uploads\/2023\/06\/2022-07-01-300x169.jpg 300w, https:\/\/gruasguaman24hrs.com\/wp-content\/uploads\/2023\/06\/2022-07-01-768x432.jpg 768w, https:\/\/gruasguaman24hrs.com\/wp-content\/uploads\/2023\/06\/2022-07-01.jpg 1080w\" sizes=\"(max-width: 1024px) 100vw, 1024px\" \/>\t\t\t\t\t\t\t\t\t\t\t\t\t\t\t<\/div>\n\t\t\t\t<\/div>\n\t\t\t\t\t<\/div>\n\t\t<\/div>\n\t\t\t\t\t\t\t<\/div>\n\t\t<\/section>\n\t\t\t\t<section class=\"elementor-section elementor-top-section elementor-element elementor-element-ea64682 elementor-section-content-middle elementor-section-boxed elementor-section-height-default elementor-section-height-default\" data-id=\"ea64682\" data-element_type=\"section\" data-settings=\"{&quot;background_background&quot;:&quot;classic&quot;}\">\n\t\t\t\t\t\t<div class=\"elementor-container elementor-column-gap-default\">\n\t\t\t\t\t<div class=\"elementor-column elementor-col-100 elementor-top-column elementor-element elementor-element-3cb18be\" data-id=\"3cb18be\" data-element_type=\"column\">\n\t\t\t<div class=\"elementor-widget-wrap elementor-element-populated\">\n\t\t\t\t\t\t\t\t<div class=\"elementor-element elementor-element-d2ec9a0 elementor-widget elementor-widget-heading\" data-id=\"d2ec9a0\" data-element_type=\"widget\" data-widget_type=\"heading.default\">\n\t\t\t\t<div class=\"elementor-widget-container\">\n\t\t\t<h2 class=\"elementor-heading-title elementor-size-default\">HORARIO DE ATENCION<\/h2>\t\t<\/div>\n\t\t\t\t<\/div>\n\t\t\t\t<div class=\"elementor-element elementor-element-0cc9dbc elementor-widget elementor-widget-text-editor\" data-id=\"0cc9dbc\" data-element_type=\"widget\" data-widget_type=\"text-editor.default\">\n\t\t\t\t<div class=\"elementor-widget-container\">\n\t\t\t\t\t\t\t<p style=\"font-size: 17px; font-style: normal; font-weight: 400;\">lun:<span class=\"WF8WNe\">Abierto las 24 horas<\/span><\/p><p style=\"font-size: 17px; font-style: normal; font-weight: 400;\">mar:<span class=\"WF8WNe\">Abierto las 24 horas<\/span><\/p><p style=\"font-size: 17px; font-style: normal; font-weight: 400;\">mi\u00e9:<span class=\"WF8WNe\">Abierto las 24 horas<\/span><\/p><p style=\"font-size: 17px; font-style: normal; font-weight: 400;\">jue:<span class=\"WF8WNe\">Abierto las 24 horas<\/span><\/p><p style=\"font-size: 17px; font-style: normal; font-weight: 400;\">vie:<span class=\"WF8WNe\">Abierto las 24 horas<\/span><\/p><p style=\"font-size: 17px; font-style: normal; font-weight: 400;\">s\u00e1b:<span class=\"WF8WNe\">Abierto las 24 horas<\/span><\/p><p style=\"font-size: 17px; font-style: normal; font-weight: 400;\">dom:<span class=\"WF8WNe\">Abierto las 24 horas<\/span><\/p>\t\t\t\t\t\t<\/div>\n\t\t\t\t<\/div>\n\t\t\t\t<div class=\"elementor-element elementor-element-5cf30d0 elementor-align-center elementor-widget elementor-widget-button\" data-id=\"5cf30d0\" data-element_type=\"widget\" data-widget_type=\"button.default\">\n\t\t\t\t<div class=\"elementor-widget-container\">\n\t\t\t\t\t<div class=\"elementor-button-wrapper\">\n\t\t\t<a class=\"elementor-button elementor-button-link elementor-size-sm\" href=\"tel:0998748127\">\n\t\t\t\t\t\t<span class=\"elementor-button-content-wrapper\">\n\t\t\t\t\t\t<span class=\"elementor-button-text\">LLAMAR AHORA<\/span>\n\t\t<\/span>\n\t\t\t\t\t<\/a>\n\t\t<\/div>\n\t\t\t\t<\/div>\n\t\t\t\t<\/div>\n\t\t\t\t\t<\/div>\n\t\t<\/div>\n\t\t\t\t\t\t\t<\/div>\n\t\t<\/section>\n\t\t\t\t\t\t\t<\/div>\n\t\t","protected":false},"excerpt":{"rendered":"<p>galeria TRANSPORTE DE VEHICULOS ESPECIALIZADOS Adem\u00e1s de los autom\u00f3viles de uso com\u00fan, nuestro servicios de gr\u00faas tambi\u00e9n pueden transportar veh\u00edculos especializados, como motocicletas, camiones, furgonetas o incluso maquinaria pesada. Explore DISPONIBILIDAD LAS 24 HORAS La mayor\u00eda de los servicios de gr\u00faas est\u00e1n disponibles las 24 horas del d\u00eda, los 7 d\u00edas de la semana, lo &hellip;<\/p>\n<p class=\"read-more\"> <a class=\"\" href=\"https:\/\/gruasguaman24hrs.com\/index.php\/galeria\/\"> <span class=\"screen-reader-text\">Galeria<\/span> Leer m\u00e1s &raquo;<\/a><\/p>\n","protected":false},"author":1,"featured_media":0,"parent":0,"menu_order":0,"comment_status":"closed","ping_status":"closed","template":"","meta":{"om_disable_all_campaigns":false,"_mi_skip_tracking":false,"_monsterinsights_sitenote_active":false,"_monsterinsights_sitenote_note":"","_monsterinsights_sitenote_category":0,"site-sidebar-layout":"no-sidebar","site-content-layout":"page-builder","ast-global-header-display":"","ast-banner-title-visibility":"","ast-main-header-display":"","ast-hfb-above-header-display":"","ast-hfb-below-header-display":"","ast-hfb-mobile-header-display":"","site-post-title":"disabled","ast-breadcrumbs-content":"","ast-featured-img":"disabled","footer-sml-layout":"","theme-transparent-header-meta":"enabled","adv-header-id-meta":"","stick-header-meta":"","header-above-stick-meta":"","header-main-stick-meta":"","header-below-stick-meta":"","_joinchat":[]},"aioseo_notices":[],"_links":{"self":[{"href":"https:\/\/gruasguaman24hrs.com\/index.php\/wp-json\/wp\/v2\/pages\/1817"}],"collection":[{"href":"https:\/\/gruasguaman24hrs.com\/index.php\/wp-json\/wp\/v2\/pages"}],"about":[{"href":"https:\/\/gruasguaman24hrs.com\/index.php\/wp-json\/wp\/v2\/types\/page"}],"author":[{"embeddable":true,"href":"https:\/\/gruasguaman24hrs.com\/index.php\/wp-json\/wp\/v2\/users\/1"}],"replies":[{"embeddable":true,"href":"https:\/\/gruasguaman24hrs.com\/index.php\/wp-json\/wp\/v2\/comments?post=1817"}],"version-history":[{"count":17,"href":"https:\/\/gruasguaman24hrs.com\/index.php\/wp-json\/wp\/v2\/pages\/1817\/revisions"}],"predecessor-version":[{"id":1997,"href":"https:\/\/gruasguaman24hrs.com\/index.php\/wp-json\/wp\/v2\/pages\/1817\/revisions\/1997"}],"wp:attachment":[{"href":"https:\/\/gruasguaman24hrs.com\/index.php\/wp-json\/wp\/v2\/media?parent=1817"}],"curies":[{"name":"wp","href":"https:\/\/api.w.org\/{rel}","templated":true}]}}